{"id":1425,"date":"2017-02-25T16:31:52","date_gmt":"2017-02-25T16:31:52","guid":{"rendered":"http:\/\/uedemaufameland.de\/?page_id=1425"},"modified":"2018-12-02T14:45:54","modified_gmt":"2018-12-02T14:45:54","slug":"ameland","status":"publish","type":"page","link":"https:\/\/uedemaufameland.de\/?page_id=1425","title":{"rendered":"Ameland"},"content":{"rendered":"<p>Die niederl\u00e4ndische Ferieninsel Ameland ist seit mehr als 70 Jahren Ziel von Ferienfreizeiten f\u00fcr Kinder. Bereits in den 20er Jahren des 20. Jahrhunderts besuchten Kinder vom Niederrhein die Insel.<\/p>\n<p>Auf Initiative des Priesters Edmund Janssen stellten Bauern ihre Scheunen als &#8222;Lager&#8220; zur Verf\u00fcgung.<\/p>\n<p>Die Insel, die nur etwa 3600 Einwohner hat, wird immer noch jeden Sommer von etwa 20.000 Kindern bev\u00f6lkert.<\/p>\n<p>Unser Lager befindet sich im Ort Buren.<\/p>\n<p>Unser Haus de Uuthof liegt nahe dem Ortskern von Buren. Der Strand ist ca. 1,5 km entfernt und in unmittelbarer N\u00e4he befinden sich noch zahlreiche andere Lager.<\/p>\n<p>Im Haus k\u00f6nnen bis zu 75 Personen wohnen. Uns steht ein gro\u00dfer Speisesaal zur Verf\u00fcgung. Das Au\u00dfengel\u00e4nde ist gro\u00dfz\u00fcgig gestaltet und es gibt eine gro\u00dfe Wiesen mit Fu\u00dfballtoren.<\/p>\n","protected":false},"excerpt":{"rendered":"<p>Die niederl\u00e4ndische Ferieninsel Ameland ist seit mehr als 70 Jahren Ziel von Ferienfreizeiten f\u00fcr Kinder. Bereits in den 20er Jahren des 20. Jahrhunderts besuchten Kinder vom Niederrhein die Insel. Auf Initiative des Priesters Edmund Janssen stellten Bauern ihre Scheunen als &#8222;Lager&#8220; zur Verf\u00fcgung. Die Insel, die nur etwa 3600 Einwohner \u2026 <a class=\"continue-reading-link\" href=\"https:\/\/uedemaufameland.de\/?page_id=1425\"> Continue reading<\/a><\/p>\n","protected":false},"author":1,"featured_media":0,"parent":0,"menu_order":0,"comment_status":"closed","ping_status":"closed","template":"","meta":{"footnotes":""},"class_list":["post-1425","page","type-page","status-publish","hentry"],"_links":{"self":[{"href":"https:\/\/uedemaufameland.de\/index.php?rest_route=\/wp\/v2\/pages\/1425","targetHints":{"allow":["GET"]}}],"collection":[{"href":"https:\/\/uedemaufameland.de\/index.php?rest_route=\/wp\/v2\/pages"}],"about":[{"href":"https:\/\/uedemaufameland.de\/index.php?rest_route=\/wp\/v2\/types\/page"}],"author":[{"embeddable":true,"href":"https:\/\/uedemaufameland.de\/index.php?rest_route=\/wp\/v2\/users\/1"}],"replies":[{"embeddable":true,"href":"https:\/\/uedemaufameland.de\/index.php?rest_route=%2Fwp%2Fv2%2Fcomments&post=1425"}],"version-history":[{"count":8,"href":"https:\/\/uedemaufameland.de\/index.php?rest_route=\/wp\/v2\/pages\/1425\/revisions"}],"predecessor-version":[{"id":3625,"href":"https:\/\/uedemaufameland.de\/index.php?rest_route=\/wp\/v2\/pages\/1425\/revisions\/3625"}],"wp:attachment":[{"href":"https:\/\/uedemaufameland.de\/index.php?rest_route=%2Fwp%2Fv2%2Fmedia&parent=1425"}],"curies":[{"name":"wp","href":"https:\/\/api.w.org\/{rel}","templated":true}]}}