{"id":3344,"date":"2018-03-20T10:16:44","date_gmt":"2018-03-20T10:16:44","guid":{"rendered":"http:\/\/uedemaufameland.de\/?page_id=3344"},"modified":"2025-08-15T14:11:46","modified_gmt":"2025-08-15T14:11:46","slug":"unsere-sponsoren","status":"publish","type":"page","link":"https:\/\/uedemaufameland.de\/?page_id=3344","title":{"rendered":"Unsere Sponsoren"},"content":{"rendered":"<p>Auf dieser Seite bedanken wir uns ganz herzlich bei allen unseren Sponsoren und Unterst\u00fctzern.<\/p>\n<p>Ohne Ihre Hilfe w\u00e4re unser Ferienlager so nicht m\u00f6glich.<\/p>\n<p>Vielen Dank!<\/p>\n<p>Mit einem Klick aufs Logo geht es direkt zur Homepage des Sponsors!<\/p>\n\n\n<figure class=\"wp-block-image size-large is-resized\"><a href=\"http:\/\/omexom.de\"><img loading=\"lazy\" decoding=\"async\" width=\"640\" height=\"164\" src=\"https:\/\/uedemaufameland.de\/wp-content\/uploads\/2020\/01\/Omexom-1.jpg\" alt=\"\" class=\"wp-image-3916\" style=\"width:320px;height:82px\" srcset=\"https:\/\/uedemaufameland.de\/wp-content\/uploads\/2020\/01\/Omexom-1.jpg 640w, https:\/\/uedemaufameland.de\/wp-content\/uploads\/2020\/01\/Omexom-1-300x77.jpg 300w, https:\/\/uedemaufameland.de\/wp-content\/uploads\/2020\/01\/Omexom-1-150x38.jpg 150w\" sizes=\"auto, (max-width: 640px) 100vw, 640px\" \/><\/a><\/figure>\n\n\n\n<figure class=\"wp-block-image size-full is-resized\"><img loading=\"lazy\" decoding=\"async\" width=\"1630\" height=\"531\" src=\"https:\/\/uedemaufameland.de\/wp-content\/uploads\/2025\/08\/Logo-Blau-Schwarz.jpg\" alt=\"\" class=\"wp-image-5966\" style=\"width:416px;height:187px\" srcset=\"https:\/\/uedemaufameland.de\/wp-content\/uploads\/2025\/08\/Logo-Blau-Schwarz.jpg 1630w, https:\/\/uedemaufameland.de\/wp-content\/uploads\/2025\/08\/Logo-Blau-Schwarz-300x98.jpg 300w, https:\/\/uedemaufameland.de\/wp-content\/uploads\/2025\/08\/Logo-Blau-Schwarz-1024x334.jpg 1024w, https:\/\/uedemaufameland.de\/wp-content\/uploads\/2025\/08\/Logo-Blau-Schwarz-768x250.jpg 768w, https:\/\/uedemaufameland.de\/wp-content\/uploads\/2025\/08\/Logo-Blau-Schwarz-1536x500.jpg 1536w, https:\/\/uedemaufameland.de\/wp-content\/uploads\/2025\/08\/Logo-Blau-Schwarz-900x293.jpg 900w, https:\/\/uedemaufameland.de\/wp-content\/uploads\/2025\/08\/Logo-Blau-Schwarz-150x49.jpg 150w\" sizes=\"auto, (max-width: 1630px) 100vw, 1630px\" \/><\/figure>\n\n\n\n<figure class=\"wp-block-image size-full is-resized\"><a href=\"https:\/\/www.edeka.de\/marktsuche.jsp#\/?searchstring=uedem\"><img loading=\"lazy\" decoding=\"async\" width=\"1024\" height=\"450\" src=\"https:\/\/uedemaufameland.de\/wp-content\/uploads\/2023\/06\/86387b6e-43de-4eb9-bdcf-6b72cd0cd8ca.jpg\" alt=\"\" class=\"wp-image-4341\" style=\"width:489px;height:215px\" srcset=\"https:\/\/uedemaufameland.de\/wp-content\/uploads\/2023\/06\/86387b6e-43de-4eb9-bdcf-6b72cd0cd8ca.jpg 1024w, https:\/\/uedemaufameland.de\/wp-content\/uploads\/2023\/06\/86387b6e-43de-4eb9-bdcf-6b72cd0cd8ca-300x132.jpg 300w, https:\/\/uedemaufameland.de\/wp-content\/uploads\/2023\/06\/86387b6e-43de-4eb9-bdcf-6b72cd0cd8ca-768x338.jpg 768w, https:\/\/uedemaufameland.de\/wp-content\/uploads\/2023\/06\/86387b6e-43de-4eb9-bdcf-6b72cd0cd8ca-796x350.jpg 796w, https:\/\/uedemaufameland.de\/wp-content\/uploads\/2023\/06\/86387b6e-43de-4eb9-bdcf-6b72cd0cd8ca-150x66.jpg 150w\" sizes=\"auto, (max-width: 1024px) 100vw, 1024px\" \/><\/a><\/figure>\n\n\n\n<figure class=\"wp-block-image size-full is-resized\"><a href=\"https:\/\/uedemaufameland.de\/wp-content\/uploads\/2025\/07\/Spiegelhoff-Logo.jpg\"><img loading=\"lazy\" decoding=\"async\" width=\"797\" height=\"308\" src=\"https:\/\/uedemaufameland.de\/wp-content\/uploads\/2025\/07\/Spiegelhoff-Logo.jpg\" alt=\"\" class=\"wp-image-5571\" style=\"width:502px;height:auto\" srcset=\"https:\/\/uedemaufameland.de\/wp-content\/uploads\/2025\/07\/Spiegelhoff-Logo.jpg 797w, https:\/\/uedemaufameland.de\/wp-content\/uploads\/2025\/07\/Spiegelhoff-Logo-300x116.jpg 300w, https:\/\/uedemaufameland.de\/wp-content\/uploads\/2025\/07\/Spiegelhoff-Logo-768x297.jpg 768w, https:\/\/uedemaufameland.de\/wp-content\/uploads\/2025\/07\/Spiegelhoff-Logo-150x58.jpg 150w\" sizes=\"auto, (max-width: 797px) 100vw, 797px\" \/><\/a><\/figure>\n\n\n\n<figure class=\"wp-block-image size-full\"><a href=\"https:\/\/uedemaufameland.de\/wp-content\/uploads\/2025\/07\/Logo-van-Straelen-Sanitaer-Heizung.png\"><img loading=\"lazy\" decoding=\"async\" width=\"342\" height=\"120\" src=\"https:\/\/uedemaufameland.de\/wp-content\/uploads\/2025\/07\/Logo-van-Straelen-Sanitaer-Heizung.png\" alt=\"\" class=\"wp-image-5582\" srcset=\"https:\/\/uedemaufameland.de\/wp-content\/uploads\/2025\/07\/Logo-van-Straelen-Sanitaer-Heizung.png 342w, https:\/\/uedemaufameland.de\/wp-content\/uploads\/2025\/07\/Logo-van-Straelen-Sanitaer-Heizung-300x105.png 300w, https:\/\/uedemaufameland.de\/wp-content\/uploads\/2025\/07\/Logo-van-Straelen-Sanitaer-Heizung-150x53.png 150w\" sizes=\"auto, (max-width: 342px) 100vw, 342px\" \/><\/a><\/figure>\n\n\n\n<figure class=\"wp-block-image size-full is-resized\"><a href=\"https:\/\/uedemaufameland.de\/wp-content\/uploads\/2025\/07\/Logo-Hahlen.jpg\"><img loading=\"lazy\" decoding=\"async\" width=\"8157\" height=\"6851\" src=\"https:\/\/uedemaufameland.de\/wp-content\/uploads\/2025\/07\/Logo-Hahlen.jpg\" alt=\"\" class=\"wp-image-5583\" style=\"width:330px;height:auto\"\/><\/a><\/figure>\n\n\n\n<figure class=\"wp-block-image size-full is-resized\"><a href=\"https:\/\/uedemaufameland.de\/wp-content\/uploads\/2025\/07\/image.png\"><img loading=\"lazy\" decoding=\"async\" width=\"709\" height=\"862\" src=\"https:\/\/uedemaufameland.de\/wp-content\/uploads\/2025\/07\/image.png\" alt=\"\" class=\"wp-image-5585\" style=\"width:287px;height:auto\" srcset=\"https:\/\/uedemaufameland.de\/wp-content\/uploads\/2025\/07\/image.png 709w, https:\/\/uedemaufameland.de\/wp-content\/uploads\/2025\/07\/image-247x300.png 247w, https:\/\/uedemaufameland.de\/wp-content\/uploads\/2025\/07\/image-288x350.png 288w, https:\/\/uedemaufameland.de\/wp-content\/uploads\/2025\/07\/image-123x150.png 123w\" sizes=\"auto, (max-width: 709px) 100vw, 709px\" \/><\/a><\/figure>\n\n\n\n<figure class=\"wp-block-image size-full is-resized\"><a href=\"https:\/\/uedemaufameland.de\/wp-content\/uploads\/2025\/07\/Logo-Volksbank-an-der-Niers-eG.jpg\"><img loading=\"lazy\" decoding=\"async\" width=\"714\" height=\"284\" src=\"https:\/\/uedemaufameland.de\/wp-content\/uploads\/2025\/07\/Logo-Volksbank-an-der-Niers-eG.jpg\" alt=\"\" class=\"wp-image-5587\" style=\"width:600px;height:auto\" srcset=\"https:\/\/uedemaufameland.de\/wp-content\/uploads\/2025\/07\/Logo-Volksbank-an-der-Niers-eG.jpg 714w, https:\/\/uedemaufameland.de\/wp-content\/uploads\/2025\/07\/Logo-Volksbank-an-der-Niers-eG-300x119.jpg 300w, https:\/\/uedemaufameland.de\/wp-content\/uploads\/2025\/07\/Logo-Volksbank-an-der-Niers-eG-150x60.jpg 150w\" sizes=\"auto, (max-width: 714px) 100vw, 714px\" \/><\/a><\/figure>\n\n\n\n<figure class=\"wp-block-image size-large is-resized\"><a href=\"https:\/\/uedemaufameland.de\/wp-content\/uploads\/2025\/07\/Logo_Heiming_GmbH-ohne-100-scaled.png\"><img loading=\"lazy\" decoding=\"async\" width=\"1024\" height=\"386\" src=\"https:\/\/uedemaufameland.de\/wp-content\/uploads\/2025\/07\/Logo_Heiming_GmbH-ohne-100-1024x386.png\" alt=\"\" class=\"wp-image-5761\" style=\"width:485px;height:auto\" srcset=\"https:\/\/uedemaufameland.de\/wp-content\/uploads\/2025\/07\/Logo_Heiming_GmbH-ohne-100-1024x386.png 1024w, https:\/\/uedemaufameland.de\/wp-content\/uploads\/2025\/07\/Logo_Heiming_GmbH-ohne-100-300x113.png 300w, https:\/\/uedemaufameland.de\/wp-content\/uploads\/2025\/07\/Logo_Heiming_GmbH-ohne-100-768x290.png 768w, https:\/\/uedemaufameland.de\/wp-content\/uploads\/2025\/07\/Logo_Heiming_GmbH-ohne-100-1536x579.png 1536w, https:\/\/uedemaufameland.de\/wp-content\/uploads\/2025\/07\/Logo_Heiming_GmbH-ohne-100-2048x772.png 2048w, https:\/\/uedemaufameland.de\/wp-content\/uploads\/2025\/07\/Logo_Heiming_GmbH-ohne-100-900x339.png 900w, https:\/\/uedemaufameland.de\/wp-content\/uploads\/2025\/07\/Logo_Heiming_GmbH-ohne-100-150x57.png 150w\" sizes=\"auto, (max-width: 1024px) 100vw, 1024px\" \/><\/a><\/figure>\n\n\n\n<figure class=\"wp-block-image size-full is-resized\"><a href=\"https:\/\/uedemaufameland.de\/wp-content\/uploads\/2025\/07\/Bildschirmfoto-2025-07-25-um-17.56.55.png\"><img loading=\"lazy\" decoding=\"async\" width=\"837\" height=\"357\" src=\"https:\/\/uedemaufameland.de\/wp-content\/uploads\/2025\/07\/Bildschirmfoto-2025-07-25-um-17.56.55.png\" alt=\"\" class=\"wp-image-5766\" style=\"width:492px;height:auto\" srcset=\"https:\/\/uedemaufameland.de\/wp-content\/uploads\/2025\/07\/Bildschirmfoto-2025-07-25-um-17.56.55.png 837w, https:\/\/uedemaufameland.de\/wp-content\/uploads\/2025\/07\/Bildschirmfoto-2025-07-25-um-17.56.55-300x128.png 300w, https:\/\/uedemaufameland.de\/wp-content\/uploads\/2025\/07\/Bildschirmfoto-2025-07-25-um-17.56.55-768x328.png 768w, https:\/\/uedemaufameland.de\/wp-content\/uploads\/2025\/07\/Bildschirmfoto-2025-07-25-um-17.56.55-821x350.png 821w, https:\/\/uedemaufameland.de\/wp-content\/uploads\/2025\/07\/Bildschirmfoto-2025-07-25-um-17.56.55-150x64.png 150w\" sizes=\"auto, (max-width: 837px) 100vw, 837px\" \/><\/a><\/figure>\n\n\n\n<figure class=\"wp-block-image size-full\"><a href=\"https:\/\/uedemaufameland.de\/wp-content\/uploads\/2025\/08\/Logo-Heicks-und-Teutenberg.jpg\"><img loading=\"lazy\" decoding=\"async\" width=\"548\" height=\"233\" src=\"https:\/\/uedemaufameland.de\/wp-content\/uploads\/2025\/08\/Logo-Heicks-und-Teutenberg.jpg\" alt=\"\" class=\"wp-image-5968\" srcset=\"https:\/\/uedemaufameland.de\/wp-content\/uploads\/2025\/08\/Logo-Heicks-und-Teutenberg.jpg 548w, https:\/\/uedemaufameland.de\/wp-content\/uploads\/2025\/08\/Logo-Heicks-und-Teutenberg-300x128.jpg 300w, https:\/\/uedemaufameland.de\/wp-content\/uploads\/2025\/08\/Logo-Heicks-und-Teutenberg-150x64.jpg 150w\" sizes=\"auto, (max-width: 548px) 100vw, 548px\" \/><\/a><\/figure>\n","protected":false},"excerpt":{"rendered":"<p>Auf dieser Seite bedanken wir uns ganz herzlich bei allen unseren Sponsoren und Unterst\u00fctzern. Ohne Ihre Hilfe w\u00e4re unser Ferienlager so nicht m\u00f6glich. Vielen Dank! Mit einem Klick aufs Logo geht es direkt zur Homepage des Sponsors! <a class=\"continue-reading-link\" href=\"https:\/\/uedemaufameland.de\/?page_id=3344\"> Continue reading<\/a><\/p>\n","protected":false},"author":1,"featured_media":0,"parent":0,"menu_order":0,"comment_status":"closed","ping_status":"closed","template":"","meta":{"footnotes":""},"class_list":["post-3344","page","type-page","status-publish","hentry"],"_links":{"self":[{"href":"https:\/\/uedemaufameland.de\/index.php?rest_route=\/wp\/v2\/pages\/3344","targetHints":{"allow":["GET"]}}],"collection":[{"href":"https:\/\/uedemaufameland.de\/index.php?rest_route=\/wp\/v2\/pages"}],"about":[{"href":"https:\/\/uedemaufameland.de\/index.php?rest_route=\/wp\/v2\/types\/page"}],"author":[{"embeddable":true,"href":"https:\/\/uedemaufameland.de\/index.php?rest_route=\/wp\/v2\/users\/1"}],"replies":[{"embeddable":true,"href":"https:\/\/uedemaufameland.de\/index.php?rest_route=%2Fwp%2Fv2%2Fcomments&post=3344"}],"version-history":[{"count":22,"href":"https:\/\/uedemaufameland.de\/index.php?rest_route=\/wp\/v2\/pages\/3344\/revisions"}],"predecessor-version":[{"id":5969,"href":"https:\/\/uedemaufameland.de\/index.php?rest_route=\/wp\/v2\/pages\/3344\/revisions\/5969"}],"wp:attachment":[{"href":"https:\/\/uedemaufameland.de\/index.php?rest_route=%2Fwp%2Fv2%2Fmedia&parent=3344"}],"curies":[{"name":"wp","href":"https:\/\/api.w.org\/{rel}","templated":true}]}}